{"id":126,"date":"2022-05-20T12:18:16","date_gmt":"2022-05-20T12:18:16","guid":{"rendered":"https:\/\/www.valandraud.fr\/?post_type=product&#038;p=126"},"modified":"2025-03-04T13:46:15","modified_gmt":"2025-03-04T13:46:15","slug":"premier-grand-cru-classe","status":"publish","type":"product","link":"http:\/\/www.valandraud.fr\/en\/product\/premier-grand-cru-classe\/","title":{"rendered":"Ch\u00e2teau Valandraud"},"content":{"rendered":"","protected":false},"excerpt":{"rendered":"<p><strong>Ch\u00e2teau Valandraud<\/strong>, the \u201cgarage wine\u201d turned into a 1st classified growth of Saint Emilion.<\/p>","protected":false},"featured_media":346,"comment_status":"open","ping_status":"closed","template":"","meta":{"_acf_changed":false},"product_brand":[],"product_cat":[21],"product_tag":[],"class_list":{"0":"post-126","1":"product","2":"type-product","3":"status-publish","4":"has-post-thumbnail","6":"product_cat-vin-rouge","8":"first","9":"instock","10":"shipping-taxable","11":"product-type-simple"},"acf":[],"yoast_head":"<!-- This site is optimized with the Yoast SEO plugin v26.8 - https:\/\/yoast.com\/product\/yoast-seo-wordpress\/ -->\n<title>Ch\u00e2teau Valandraud - Ch\u00e2teau Valandraud<\/title>\n<meta name=\"robots\" content=\"index, follow, max-snippet:-1, max-image-preview:large, max-video-preview:-1\" \/>\n<link rel=\"canonical\" href=\"https:\/\/www.valandraud.fr\/en\/product\/premier-grand-cru-classe\/\" \/>\n<meta property=\"og:locale\" content=\"en_GB\" \/>\n<meta property=\"og:type\" content=\"article\" \/>\n<meta property=\"og:title\" content=\"Ch\u00e2teau Valandraud - Ch\u00e2teau Valandraud\" \/>\n<meta property=\"og:description\" content=\"Ch\u00e2teau Valandraud, le Saint-\u00c9milion \u201cvin de garage\u201d devenu 1er grand cru class\u00e9.\" \/>\n<meta property=\"og:url\" content=\"https:\/\/www.valandraud.fr\/en\/product\/premier-grand-cru-classe\/\" \/>\n<meta property=\"og:site_name\" content=\"Ch\u00e2teau Valandraud\" \/>\n<meta property=\"article:modified_time\" content=\"2025-03-04T13:46:15+00:00\" \/>\n<meta property=\"og:image\" content=\"https:\/\/www.valandraud.fr\/wp-content\/uploads\/2022\/05\/valandraud-grand-cru-classe-1.png\" \/>\n\t<meta property=\"og:image:width\" content=\"1000\" \/>\n\t<meta property=\"og:image:height\" content=\"1000\" \/>\n\t<meta property=\"og:image:type\" content=\"image\/png\" \/>\n<meta name=\"twitter:card\" content=\"summary_large_image\" \/>\n<meta name=\"twitter:label1\" content=\"Estimated reading time\" \/>\n\t<meta name=\"twitter:data1\" content=\"1 minute\" \/>\n<script type=\"application\/ld+json\" class=\"yoast-schema-graph\">{\"@context\":\"https:\/\/schema.org\",\"@graph\":[{\"@type\":\"WebPage\",\"@id\":\"https:\/\/www.valandraud.fr\/produit\/premier-grand-cru-classe\/\",\"url\":\"https:\/\/www.valandraud.fr\/produit\/premier-grand-cru-classe\/\",\"name\":\"Ch\u00e2teau Valandraud - Ch\u00e2teau Valandraud\",\"isPartOf\":{\"@id\":\"https:\/\/www.valandraud.fr\/#website\"},\"primaryImageOfPage\":{\"@id\":\"https:\/\/www.valandraud.fr\/produit\/premier-grand-cru-classe\/#primaryimage\"},\"image\":{\"@id\":\"https:\/\/www.valandraud.fr\/produit\/premier-grand-cru-classe\/#primaryimage\"},\"thumbnailUrl\":\"https:\/\/www.valandraud.fr\/wp-content\/uploads\/2022\/05\/valandraud-grand-cru-classe-1.png\",\"datePublished\":\"2022-05-20T12:18:16+00:00\",\"dateModified\":\"2025-03-04T13:46:15+00:00\",\"breadcrumb\":{\"@id\":\"https:\/\/www.valandraud.fr\/produit\/premier-grand-cru-classe\/#breadcrumb\"},\"inLanguage\":\"en-GB\",\"potentialAction\":[{\"@type\":\"ReadAction\",\"target\":[\"https:\/\/www.valandraud.fr\/produit\/premier-grand-cru-classe\/\"]}]},{\"@type\":\"ImageObject\",\"inLanguage\":\"en-GB\",\"@id\":\"https:\/\/www.valandraud.fr\/produit\/premier-grand-cru-classe\/#primaryimage\",\"url\":\"https:\/\/www.valandraud.fr\/wp-content\/uploads\/2022\/05\/valandraud-grand-cru-classe-1.png\",\"contentUrl\":\"https:\/\/www.valandraud.fr\/wp-content\/uploads\/2022\/05\/valandraud-grand-cru-classe-1.png\",\"width\":1000,\"height\":1000,\"caption\":\"Bouteille Ch\u00e2teau Valandraud, premier grand cru class\u00e9 Saint \u00c9milion\"},{\"@type\":\"BreadcrumbList\",\"@id\":\"https:\/\/www.valandraud.fr\/produit\/premier-grand-cru-classe\/#breadcrumb\",\"itemListElement\":[{\"@type\":\"ListItem\",\"position\":1,\"name\":\"Home\",\"item\":\"https:\/\/www.valandraud.fr\/\"},{\"@type\":\"ListItem\",\"position\":2,\"name\":\"Produits\",\"item\":\"https:\/\/www.valandraud.fr\/shop\/\"},{\"@type\":\"ListItem\",\"position\":3,\"name\":\"Ch\u00e2teau Valandraud\"}]},{\"@type\":\"WebSite\",\"@id\":\"https:\/\/www.valandraud.fr\/#website\",\"url\":\"https:\/\/www.valandraud.fr\/\",\"name\":\"Ch\u00e2teau Valandraud\",\"description\":\"\",\"potentialAction\":[{\"@type\":\"SearchAction\",\"target\":{\"@type\":\"EntryPoint\",\"urlTemplate\":\"https:\/\/www.valandraud.fr\/?s={search_term_string}\"},\"query-input\":{\"@type\":\"PropertyValueSpecification\",\"valueRequired\":true,\"valueName\":\"search_term_string\"}}],\"inLanguage\":\"en-GB\"}]}<\/script>\n<!-- \/ Yoast SEO plugin. -->","yoast_head_json":{"title":"Ch\u00e2teau Valandraud - Ch\u00e2teau Valandraud","robots":{"index":"index","follow":"follow","max-snippet":"max-snippet:-1","max-image-preview":"max-image-preview:large","max-video-preview":"max-video-preview:-1"},"canonical":"https:\/\/www.valandraud.fr\/en\/product\/premier-grand-cru-classe\/","og_locale":"en_GB","og_type":"article","og_title":"Ch\u00e2teau Valandraud - Ch\u00e2teau Valandraud","og_description":"Ch\u00e2teau Valandraud, le Saint-\u00c9milion \u201cvin de garage\u201d devenu 1er grand cru class\u00e9.","og_url":"https:\/\/www.valandraud.fr\/en\/product\/premier-grand-cru-classe\/","og_site_name":"Ch\u00e2teau Valandraud","article_modified_time":"2025-03-04T13:46:15+00:00","og_image":[{"width":1000,"height":1000,"url":"https:\/\/www.valandraud.fr\/wp-content\/uploads\/2022\/05\/valandraud-grand-cru-classe-1.png","type":"image\/png"}],"twitter_card":"summary_large_image","twitter_misc":{"Estimated reading time":"1 minute"},"schema":{"@context":"https:\/\/schema.org","@graph":[{"@type":"WebPage","@id":"https:\/\/www.valandraud.fr\/produit\/premier-grand-cru-classe\/","url":"https:\/\/www.valandraud.fr\/produit\/premier-grand-cru-classe\/","name":"Ch\u00e2teau Valandraud - Ch\u00e2teau Valandraud","isPartOf":{"@id":"https:\/\/www.valandraud.fr\/#website"},"primaryImageOfPage":{"@id":"https:\/\/www.valandraud.fr\/produit\/premier-grand-cru-classe\/#primaryimage"},"image":{"@id":"https:\/\/www.valandraud.fr\/produit\/premier-grand-cru-classe\/#primaryimage"},"thumbnailUrl":"https:\/\/www.valandraud.fr\/wp-content\/uploads\/2022\/05\/valandraud-grand-cru-classe-1.png","datePublished":"2022-05-20T12:18:16+00:00","dateModified":"2025-03-04T13:46:15+00:00","breadcrumb":{"@id":"https:\/\/www.valandraud.fr\/produit\/premier-grand-cru-classe\/#breadcrumb"},"inLanguage":"en-GB","potentialAction":[{"@type":"ReadAction","target":["https:\/\/www.valandraud.fr\/produit\/premier-grand-cru-classe\/"]}]},{"@type":"ImageObject","inLanguage":"en-GB","@id":"https:\/\/www.valandraud.fr\/produit\/premier-grand-cru-classe\/#primaryimage","url":"https:\/\/www.valandraud.fr\/wp-content\/uploads\/2022\/05\/valandraud-grand-cru-classe-1.png","contentUrl":"https:\/\/www.valandraud.fr\/wp-content\/uploads\/2022\/05\/valandraud-grand-cru-classe-1.png","width":1000,"height":1000,"caption":"Bouteille Ch\u00e2teau Valandraud, premier grand cru class\u00e9 Saint \u00c9milion"},{"@type":"BreadcrumbList","@id":"https:\/\/www.valandraud.fr\/produit\/premier-grand-cru-classe\/#breadcrumb","itemListElement":[{"@type":"ListItem","position":1,"name":"Home","item":"https:\/\/www.valandraud.fr\/"},{"@type":"ListItem","position":2,"name":"Produits","item":"https:\/\/www.valandraud.fr\/shop\/"},{"@type":"ListItem","position":3,"name":"Ch\u00e2teau Valandraud"}]},{"@type":"WebSite","@id":"https:\/\/www.valandraud.fr\/#website","url":"https:\/\/www.valandraud.fr\/","name":"Ch\u00e2teau Valandraud","description":"","potentialAction":[{"@type":"SearchAction","target":{"@type":"EntryPoint","urlTemplate":"https:\/\/www.valandraud.fr\/?s={search_term_string}"},"query-input":{"@type":"PropertyValueSpecification","valueRequired":true,"valueName":"search_term_string"}}],"inLanguage":"en-GB"}]}},"_links":{"self":[{"href":"http:\/\/www.valandraud.fr\/en\/wp-json\/wp\/v2\/product\/126","targetHints":{"allow":["GET"]}}],"collection":[{"href":"http:\/\/www.valandraud.fr\/en\/wp-json\/wp\/v2\/product"}],"about":[{"href":"http:\/\/www.valandraud.fr\/en\/wp-json\/wp\/v2\/types\/product"}],"replies":[{"embeddable":true,"href":"http:\/\/www.valandraud.fr\/en\/wp-json\/wp\/v2\/comments?post=126"}],"wp:featuredmedia":[{"embeddable":true,"href":"http:\/\/www.valandraud.fr\/en\/wp-json\/wp\/v2\/media\/346"}],"wp:attachment":[{"href":"http:\/\/www.valandraud.fr\/en\/wp-json\/wp\/v2\/media?parent=126"}],"wp:term":[{"taxonomy":"product_brand","embeddable":true,"href":"http:\/\/www.valandraud.fr\/en\/wp-json\/wp\/v2\/product_brand?post=126"},{"taxonomy":"product_cat","embeddable":true,"href":"http:\/\/www.valandraud.fr\/en\/wp-json\/wp\/v2\/product_cat?post=126"},{"taxonomy":"product_tag","embeddable":true,"href":"http:\/\/www.valandraud.fr\/en\/wp-json\/wp\/v2\/product_tag?post=126"}],"curies":[{"name":"wp","href":"https:\/\/api.w.org\/{rel}","templated":true}]}}