{"id":29,"date":"2022-05-19T15:04:30","date_gmt":"2022-05-19T15:04:30","guid":{"rendered":"https:\/\/www.valandraud.fr\/?page_id=29"},"modified":"2023-08-30T13:47:46","modified_gmt":"2023-08-30T13:47:46","slug":"notre-histoire","status":"publish","type":"page","link":"https:\/\/www.valandraud.fr\/en\/notre-histoire\/","title":{"rendered":"Our Story"},"content":{"rendered":"<div data-elementor-type=\"wp-page\" data-elementor-id=\"29\" class=\"elementor elementor-29\" data-elementor-post-type=\"page\">\n\t\t\t\t\t\t<section class=\"elementor-section elementor-top-section elementor-element elementor-element-6591b8c elementor-section-boxed elementor-section-height-default elementor-section-height-default\" data-id=\"6591b8c\" data-element_type=\"section\" data-e-type=\"section\" data-settings=\"{&quot;background_background&quot;:&quot;classic&quot;,&quot;shape_divider_bottom&quot;:&quot;triangle&quot;}\">\n\t\t\t\t\t\t\t<div class=\"elementor-background-overlay\"><\/div>\n\t\t\t\t\t\t<div class=\"elementor-shape elementor-shape-bottom\" aria-hidden=\"true\" data-negative=\"false\">\n\t\t\t<svg xmlns=\"http:\/\/www.w3.org\/2000\/svg\" viewbox=\"0 0 1000 100\" preserveaspectratio=\"none\">\n\t<path class=\"elementor-shape-fill\" d=\"M500,98.9L0,6.1V0h1000v6.1L500,98.9z\"\/>\n<\/svg>\t\t<\/div>\n\t\t\t\t\t<div class=\"elementor-container elementor-column-gap-default\">\n\t\t\t\t\t<div class=\"elementor-column elementor-col-100 elementor-top-column elementor-element elementor-element-57d6e34\" data-id=\"57d6e34\" data-element_type=\"column\" data-e-type=\"column\">\n\t\t\t<div class=\"elementor-widget-wrap elementor-element-populated\">\n\t\t\t\t\t\t<div class=\"elementor-element elementor-element-4770888 elementor-widget elementor-widget-heading\" data-id=\"4770888\" data-element_type=\"widget\" data-e-type=\"widget\" data-widget_type=\"heading.default\">\n\t\t\t\t<div class=\"elementor-widget-container\">\n\t\t\t\t\t<h1 class=\"elementor-heading-title elementor-size-default\">Ch\u00e2teau Valandraud<\/h1>\t\t\t\t<\/div>\n\t\t\t\t<\/div>\n\t\t\t\t<div class=\"elementor-element elementor-element-f50b9d0 elementor-widget elementor-widget-text-editor\" data-id=\"f50b9d0\" data-element_type=\"widget\" data-e-type=\"widget\" data-widget_type=\"text-editor.default\">\n\t\t\t\t<div class=\"elementor-widget-container\">\n\t\t\t\t\t\t\t\t\t<p>OUR STORY<\/p>\t\t\t\t\t\t\t\t<\/div>\n\t\t\t\t<\/div>\n\t\t\t\t\t<\/div>\n\t\t<\/div>\n\t\t\t\t\t<\/div>\n\t\t<\/section>\n\t\t\t\t<section class=\"elementor-section elementor-top-section elementor-element elementor-element-3c7aec9 elementor-section-full_width elementor-section-height-default elementor-section-height-default\" data-id=\"3c7aec9\" data-element_type=\"section\" data-e-type=\"section\" data-settings=\"{&quot;shape_divider_bottom&quot;:&quot;tilt&quot;}\">\n\t\t\t\t\t<div class=\"elementor-shape elementor-shape-bottom\" aria-hidden=\"true\" data-negative=\"false\">\n\t\t\t<svg xmlns=\"http:\/\/www.w3.org\/2000\/svg\" viewbox=\"0 0 1000 100\" preserveaspectratio=\"none\">\n\t<path class=\"elementor-shape-fill\" d=\"M0,6V0h1000v100L0,6z\"\/>\n<\/svg>\t\t<\/div>\n\t\t\t\t\t<div class=\"elementor-container elementor-column-gap-no\">\n\t\t\t\t\t<div class=\"elementor-column elementor-col-50 elementor-top-column elementor-element elementor-element-c460583\" data-id=\"c460583\" data-element_type=\"column\" data-e-type=\"column\">\n\t\t\t<div class=\"elementor-widget-wrap elementor-element-populated\">\n\t\t\t\t\t\t<section class=\"elementor-section elementor-inner-section elementor-element elementor-element-64fe393 elementor-section-boxed elementor-section-height-default elementor-section-height-default elementor-invisible\" data-id=\"64fe393\" data-element_type=\"section\" data-e-type=\"section\" data-settings=\"{&quot;animation&quot;:&quot;fadeInLeft&quot;}\">\n\t\t\t\t\t\t<div class=\"elementor-container elementor-column-gap-extended\">\n\t\t\t\t\t<div class=\"elementor-column elementor-col-50 elementor-inner-column elementor-element elementor-element-1517a36\" data-id=\"1517a36\" data-element_type=\"column\" data-e-type=\"column\">\n\t\t\t<div class=\"elementor-widget-wrap elementor-element-populated\">\n\t\t\t\t\t\t<div class=\"elementor-element elementor-element-b2acdd8 elementor-widget elementor-widget-image\" data-id=\"b2acdd8\" data-element_type=\"widget\" data-e-type=\"widget\" data-widget_type=\"image.default\">\n\t\t\t\t<div class=\"elementor-widget-container\">\n\t\t\t\t\t\t\t\t\t\t\t\t\t\t\t<img decoding=\"async\" width=\"107\" height=\"111\" src=\"https:\/\/www.valandraud.fr\/wp-content\/uploads\/2022\/05\/feuille-vigne-8.png\" class=\"attachment-large size-large wp-image-290\" alt=\"\" \/>\t\t\t\t\t\t\t\t\t\t\t\t\t\t\t<\/div>\n\t\t\t\t<\/div>\n\t\t\t\t\t<\/div>\n\t\t<\/div>\n\t\t\t\t<div class=\"elementor-column elementor-col-50 elementor-inner-column elementor-element elementor-element-e8bc9c9\" data-id=\"e8bc9c9\" data-element_type=\"column\" data-e-type=\"column\">\n\t\t\t<div class=\"elementor-widget-wrap elementor-element-populated\">\n\t\t\t\t\t\t<div class=\"elementor-element elementor-element-869cfbb elementor-widget elementor-widget-heading\" data-id=\"869cfbb\" data-element_type=\"widget\" data-e-type=\"widget\" data-widget_type=\"heading.default\">\n\t\t\t\t<div class=\"elementor-widget-container\">\n\t\t\t\t\t<span class=\"elementor-heading-title elementor-size-default\">CREATING<\/span>\t\t\t\t<\/div>\n\t\t\t\t<\/div>\n\t\t\t\t<div class=\"elementor-element elementor-element-05452cd elementor-widget elementor-widget-heading\" data-id=\"05452cd\" data-element_type=\"widget\" data-e-type=\"widget\" data-widget_type=\"heading.default\">\n\t\t\t\t<div class=\"elementor-widget-container\">\n\t\t\t\t\t<h2 class=\"elementor-heading-title elementor-size-default\">An estate<\/h2>\t\t\t\t<\/div>\n\t\t\t\t<\/div>\n\t\t\t\t\t<\/div>\n\t\t<\/div>\n\t\t\t\t\t<\/div>\n\t\t<\/section>\n\t\t\t\t<div class=\"elementor-element elementor-element-ef4178d elementor-invisible elementor-widget elementor-widget-image\" data-id=\"ef4178d\" data-element_type=\"widget\" data-e-type=\"widget\" data-settings=\"{&quot;_animation&quot;:&quot;fadeInLeft&quot;,&quot;_animation_delay&quot;:70}\" data-widget_type=\"image.default\">\n\t\t\t\t<div class=\"elementor-widget-container\">\n\t\t\t\t\t\t\t\t\t\t\t\t\t\t\t<img fetchpriority=\"high\" decoding=\"async\" width=\"800\" height=\"534\" src=\"https:\/\/www.valandraud.fr\/wp-content\/uploads\/2022\/06\/parcelle-valandraud-1-1024x683.jpg\" class=\"attachment-large size-large wp-image-446\" alt=\"Parcelle de vigne du Ch\u00e2teau Valandraud\" srcset=\"https:\/\/www.valandraud.fr\/wp-content\/uploads\/2022\/06\/parcelle-valandraud-1-1024x683.jpg 1024w, https:\/\/www.valandraud.fr\/wp-content\/uploads\/2022\/06\/parcelle-valandraud-1-600x400.jpg 600w, https:\/\/www.valandraud.fr\/wp-content\/uploads\/2022\/06\/parcelle-valandraud-1-300x200.jpg 300w, https:\/\/www.valandraud.fr\/wp-content\/uploads\/2022\/06\/parcelle-valandraud-1-768x512.jpg 768w, https:\/\/www.valandraud.fr\/wp-content\/uploads\/2022\/06\/parcelle-valandraud-1.jpg 1499w\" sizes=\"(max-width: 800px) 100vw, 800px\" \/>\t\t\t\t\t\t\t\t\t\t\t\t\t\t\t<\/div>\n\t\t\t\t<\/div>\n\t\t\t\t\t<\/div>\n\t\t<\/div>\n\t\t\t\t<div class=\"elementor-column elementor-col-50 elementor-top-column elementor-element elementor-element-7663113\" data-id=\"7663113\" data-element_type=\"column\" data-e-type=\"column\" data-settings=\"{&quot;background_background&quot;:&quot;classic&quot;}\">\n\t\t\t<div class=\"elementor-widget-wrap elementor-element-populated\">\n\t\t\t\t\t\t<div class=\"elementor-element elementor-element-b86b024 elementor-invisible elementor-widget elementor-widget-image\" data-id=\"b86b024\" data-element_type=\"widget\" data-e-type=\"widget\" data-settings=\"{&quot;_animation&quot;:&quot;fadeInRight&quot;,&quot;_animation_delay&quot;:50}\" data-widget_type=\"image.default\">\n\t\t\t\t<div class=\"elementor-widget-container\">\n\t\t\t\t\t\t\t\t\t\t\t\t\t\t\t<img decoding=\"async\" width=\"800\" height=\"534\" src=\"https:\/\/www.valandraud.fr\/wp-content\/uploads\/2022\/06\/chai-barriques.jpg\" class=\"attachment-large size-large wp-image-331\" alt=\"Chai \u00e0 barriques\" srcset=\"https:\/\/www.valandraud.fr\/wp-content\/uploads\/2022\/06\/chai-barriques.jpg 1000w, https:\/\/www.valandraud.fr\/wp-content\/uploads\/2022\/06\/chai-barriques-600x400.jpg 600w, https:\/\/www.valandraud.fr\/wp-content\/uploads\/2022\/06\/chai-barriques-300x200.jpg 300w, https:\/\/www.valandraud.fr\/wp-content\/uploads\/2022\/06\/chai-barriques-768x512.jpg 768w\" sizes=\"(max-width: 800px) 100vw, 800px\" \/>\t\t\t\t\t\t\t\t\t\t\t\t\t\t\t<\/div>\n\t\t\t\t<\/div>\n\t\t\t\t<div class=\"elementor-element elementor-element-5d0ed72 elementor-invisible elementor-widget elementor-widget-text-editor\" data-id=\"5d0ed72\" data-element_type=\"widget\" data-e-type=\"widget\" data-settings=\"{&quot;_animation&quot;:&quot;fadeInRight&quot;,&quot;_animation_delay&quot;:50}\" data-widget_type=\"text-editor.default\">\n\t\t\t\t<div class=\"elementor-widget-container\">\n\t\t\t\t\t\t\t\t\t<p>It all started humbly on a 0.6 ha vineyard and a garage turned into a vinification cellar. Since then, Chateau Valandraud has grown to a 10.70 ha vineyard based on the clayey limestone terroir of Saint Etienne de Lisse. The vineyard is a mix if various grape varieties : 70% Merlot, 25% Cabernet Franc, 5% Cabernet Sauvignon.<\/p>\t\t\t\t\t\t\t\t<\/div>\n\t\t\t\t<\/div>\n\t\t\t\t\t<\/div>\n\t\t<\/div>\n\t\t\t\t\t<\/div>\n\t\t<\/section>\n\t\t\t\t<section class=\"elementor-section elementor-top-section elementor-element elementor-element-c74d89f elementor-section-full_width elementor-section-height-default elementor-section-height-default\" data-id=\"c74d89f\" data-element_type=\"section\" data-e-type=\"section\">\n\t\t\t\t\t\t<div class=\"elementor-container elementor-column-gap-no\">\n\t\t\t\t\t<div class=\"elementor-column elementor-col-33 elementor-top-column elementor-element elementor-element-bbc68b7 elementor-invisible\" data-id=\"bbc68b7\" data-element_type=\"column\" data-e-type=\"column\" data-settings=\"{&quot;background_background&quot;:&quot;classic&quot;,&quot;animation&quot;:&quot;fadeInLeft&quot;}\">\n\t\t\t<div class=\"elementor-widget-wrap elementor-element-populated\">\n\t\t\t\t\t\t<div class=\"elementor-element elementor-element-97e9029 elementor-widget elementor-widget-spacer\" data-id=\"97e9029\" data-element_type=\"widget\" data-e-type=\"widget\" data-widget_type=\"spacer.default\">\n\t\t\t\t<div class=\"elementor-widget-container\">\n\t\t\t\t\t\t\t<div class=\"elementor-spacer\">\n\t\t\t<div class=\"elementor-spacer-inner\"><\/div>\n\t\t<\/div>\n\t\t\t\t\t\t<\/div>\n\t\t\t\t<\/div>\n\t\t\t\t\t<\/div>\n\t\t<\/div>\n\t\t\t\t<div class=\"elementor-column elementor-col-33 elementor-top-column elementor-element elementor-element-8f6ca1e\" data-id=\"8f6ca1e\" data-element_type=\"column\" data-e-type=\"column\">\n\t\t\t<div class=\"elementor-widget-wrap elementor-element-populated\">\n\t\t\t\t\t\t<div class=\"elementor-element elementor-element-89983b0 elementor-widget elementor-widget-heading\" data-id=\"89983b0\" data-element_type=\"widget\" data-e-type=\"widget\" data-widget_type=\"heading.default\">\n\t\t\t\t<div class=\"elementor-widget-container\">\n\t\t\t\t\t<h2 class=\"elementor-heading-title elementor-size-default\">Harvest<\/h2>\t\t\t\t<\/div>\n\t\t\t\t<\/div>\n\t\t\t\t<div class=\"elementor-element elementor-element-95adaee elementor-widget-divider--view-line elementor-widget elementor-widget-divider\" data-id=\"95adaee\" data-element_type=\"widget\" data-e-type=\"widget\" data-widget_type=\"divider.default\">\n\t\t\t\t<div class=\"elementor-widget-container\">\n\t\t\t\t\t\t\t<div class=\"elementor-divider\">\n\t\t\t<span class=\"elementor-divider-separator\">\n\t\t\t\t\t\t<\/span>\n\t\t<\/div>\n\t\t\t\t\t\t<\/div>\n\t\t\t\t<\/div>\n\t\t\t\t<div class=\"elementor-element elementor-element-7660bad elementor-invisible elementor-widget elementor-widget-text-editor\" data-id=\"7660bad\" data-element_type=\"widget\" data-e-type=\"widget\" data-settings=\"{&quot;_animation&quot;:&quot;fadeInRight&quot;,&quot;_animation_delay&quot;:50}\" data-widget_type=\"text-editor.default\">\n\t\t\t\t<div class=\"elementor-widget-container\">\n\t\t\t\t\t\t\t\t\t<p>Manual harvest with grape sorting by hand, followed by a densimetric sorting by Tribaie upon the harvest arrival in our bioclimatic cellar.<\/p>\t\t\t\t\t\t\t\t<\/div>\n\t\t\t\t<\/div>\n\t\t\t\t\t<\/div>\n\t\t<\/div>\n\t\t\t\t<div class=\"elementor-column elementor-col-33 elementor-top-column elementor-element elementor-element-7b6db78 elementor-invisible\" data-id=\"7b6db78\" data-element_type=\"column\" data-e-type=\"column\" data-settings=\"{&quot;background_background&quot;:&quot;classic&quot;,&quot;animation&quot;:&quot;fadeInRight&quot;}\">\n\t\t\t<div class=\"elementor-widget-wrap elementor-element-populated\">\n\t\t\t\t\t\t<div class=\"elementor-element elementor-element-d01cc79 elementor-widget elementor-widget-spacer\" data-id=\"d01cc79\" data-element_type=\"widget\" data-e-type=\"widget\" data-widget_type=\"spacer.default\">\n\t\t\t\t<div class=\"elementor-widget-container\">\n\t\t\t\t\t\t\t<div class=\"elementor-spacer\">\n\t\t\t<div class=\"elementor-spacer-inner\"><\/div>\n\t\t<\/div>\n\t\t\t\t\t\t<\/div>\n\t\t\t\t<\/div>\n\t\t\t\t\t<\/div>\n\t\t<\/div>\n\t\t\t\t\t<\/div>\n\t\t<\/section>\n\t\t\t\t<section class=\"elementor-section elementor-top-section elementor-element elementor-element-599e472 elementor-section-full_width elementor-section-height-default elementor-section-height-default\" data-id=\"599e472\" data-element_type=\"section\" data-e-type=\"section\">\n\t\t\t\t\t\t<div class=\"elementor-container elementor-column-gap-no\">\n\t\t\t\t\t<div class=\"elementor-column elementor-col-33 elementor-top-column elementor-element elementor-element-03b2809 elementor-invisible\" data-id=\"03b2809\" data-element_type=\"column\" data-e-type=\"column\" data-settings=\"{&quot;background_background&quot;:&quot;classic&quot;,&quot;animation&quot;:&quot;fadeInLeft&quot;}\">\n\t\t\t<div class=\"elementor-widget-wrap elementor-element-populated\">\n\t\t\t\t\t\t<div class=\"elementor-element elementor-element-80e7550 elementor-widget elementor-widget-spacer\" data-id=\"80e7550\" data-element_type=\"widget\" data-e-type=\"widget\" data-widget_type=\"spacer.default\">\n\t\t\t\t<div class=\"elementor-widget-container\">\n\t\t\t\t\t\t\t<div class=\"elementor-spacer\">\n\t\t\t<div class=\"elementor-spacer-inner\"><\/div>\n\t\t<\/div>\n\t\t\t\t\t\t<\/div>\n\t\t\t\t<\/div>\n\t\t\t\t\t<\/div>\n\t\t<\/div>\n\t\t\t\t<div class=\"elementor-column elementor-col-33 elementor-top-column elementor-element elementor-element-959ac19\" data-id=\"959ac19\" data-element_type=\"column\" data-e-type=\"column\">\n\t\t\t<div class=\"elementor-widget-wrap elementor-element-populated\">\n\t\t\t\t\t\t<div class=\"elementor-element elementor-element-0a84c13 elementor-widget elementor-widget-heading\" data-id=\"0a84c13\" data-element_type=\"widget\" data-e-type=\"widget\" data-widget_type=\"heading.default\">\n\t\t\t\t<div class=\"elementor-widget-container\">\n\t\t\t\t\t<h2 class=\"elementor-heading-title elementor-size-default\">Vinification<\/h2>\t\t\t\t<\/div>\n\t\t\t\t<\/div>\n\t\t\t\t<div class=\"elementor-element elementor-element-441046e elementor-widget-divider--view-line elementor-widget elementor-widget-divider\" data-id=\"441046e\" data-element_type=\"widget\" data-e-type=\"widget\" data-widget_type=\"divider.default\">\n\t\t\t\t<div class=\"elementor-widget-container\">\n\t\t\t\t\t\t\t<div class=\"elementor-divider\">\n\t\t\t<span class=\"elementor-divider-separator\">\n\t\t\t\t\t\t<\/span>\n\t\t<\/div>\n\t\t\t\t\t\t<\/div>\n\t\t\t\t<\/div>\n\t\t\t\t<div class=\"elementor-element elementor-element-7550fdd elementor-invisible elementor-widget elementor-widget-text-editor\" data-id=\"7550fdd\" data-element_type=\"widget\" data-e-type=\"widget\" data-settings=\"{&quot;_animation&quot;:&quot;fadeInRight&quot;,&quot;_animation_delay&quot;:50}\" data-widget_type=\"text-editor.default\">\n\t\t\t\t<div class=\"elementor-widget-container\">\n\t\t\t\t\t\t\t\t\t<p>Thermo regulated stainless steel and wooden vats. Punching of the cap, pumping over, 3 weeks maceration.<br \/>Malolactic fermentation in oak barrels. Ageing varies with each vintage, from 18 to 30\nmonths in 100% new oak barrels.<br \/>The final blending also varies according the each vintage, result of the rigorous selection by our own technical team, helped in this task by Jean Philippe Fort from the Rolland team.<\/p>\t\t\t\t\t\t\t\t<\/div>\n\t\t\t\t<\/div>\n\t\t\t\t\t<\/div>\n\t\t<\/div>\n\t\t\t\t<div class=\"elementor-column elementor-col-33 elementor-top-column elementor-element elementor-element-853da3f elementor-invisible\" data-id=\"853da3f\" data-element_type=\"column\" data-e-type=\"column\" data-settings=\"{&quot;background_background&quot;:&quot;classic&quot;,&quot;animation&quot;:&quot;fadeInRight&quot;}\">\n\t\t\t<div class=\"elementor-widget-wrap elementor-element-populated\">\n\t\t\t\t\t\t<div class=\"elementor-element elementor-element-0e05cdf elementor-widget elementor-widget-spacer\" data-id=\"0e05cdf\" data-element_type=\"widget\" data-e-type=\"widget\" data-widget_type=\"spacer.default\">\n\t\t\t\t<div class=\"elementor-widget-container\">\n\t\t\t\t\t\t\t<div class=\"elementor-spacer\">\n\t\t\t<div class=\"elementor-spacer-inner\"><\/div>\n\t\t<\/div>\n\t\t\t\t\t\t<\/div>\n\t\t\t\t<\/div>\n\t\t\t\t\t<\/div>\n\t\t<\/div>\n\t\t\t\t\t<\/div>\n\t\t<\/section>\n\t\t\t\t<\/div>","protected":false},"excerpt":{"rendered":"<p>Ch\u00e2teau Valandraud NOTRE HISTOIRE CR\u00c9ATION D&rsquo;un patrimoine Depuis ses humbles d\u00e9buts sur une parcelle de 0.6 ha dont la production \u00e9tait vinifi\u00e9e dans un garage transform\u00e9 en chai, Ch\u00e2teau Valandraud a bien grandi et ses d\u00e9sormais 10.70 ha sont bas\u00e9s sur le plateau argilo calcaire de Saint Etienne de Lisse avec un enc\u00e9pagement diversifi\u00e9 : [&hellip;]<\/p>\n","protected":false},"author":1,"featured_media":0,"parent":0,"menu_order":0,"comment_status":"closed","ping_status":"closed","template":"elementor_header_footer","meta":{"_acf_changed":false,"footnotes":""},"class_list":["post-29","page","type-page","status-publish","hentry"],"acf":[],"yoast_head":"<!-- This site is optimized with the Yoast SEO plugin v26.8 - https:\/\/yoast.com\/product\/yoast-seo-wordpress\/ -->\n<title>Histoire du Ch\u00e2teau Valandraud<\/title>\n<meta name=\"description\" content=\"D\u00e9couvrez l&#039;histoire du Ch\u00e2teau Valandraud, de ses d\u00e9buts \u00e0 son d\u00e9veloppement sur la commune de Saint-Etienne de Lisse.\" \/>\n<meta name=\"robots\" content=\"index, follow, max-snippet:-1, max-image-preview:large, max-video-preview:-1\" \/>\n<link rel=\"canonical\" href=\"https:\/\/www.valandraud.fr\/en\/notre-histoire\/\" \/>\n<meta property=\"og:locale\" content=\"en_GB\" \/>\n<meta property=\"og:type\" content=\"article\" \/>\n<meta property=\"og:title\" content=\"Histoire du Ch\u00e2teau Valandraud\" \/>\n<meta property=\"og:description\" content=\"D\u00e9couvrez l&#039;histoire du Ch\u00e2teau Valandraud, de ses d\u00e9buts \u00e0 son d\u00e9veloppement sur la commune de Saint-Etienne de Lisse.\" \/>\n<meta property=\"og:url\" content=\"https:\/\/www.valandraud.fr\/en\/notre-histoire\/\" \/>\n<meta property=\"og:site_name\" content=\"Ch\u00e2teau Valandraud\" \/>\n<meta property=\"article:modified_time\" content=\"2023-08-30T13:47:46+00:00\" \/>\n<meta property=\"og:image\" content=\"https:\/\/www.valandraud.fr\/wp-content\/uploads\/2022\/05\/feuille-vigne-8.png\" \/>\n<meta name=\"twitter:card\" content=\"summary_large_image\" \/>\n<meta name=\"twitter:label1\" content=\"Estimated reading time\" \/>\n\t<meta name=\"twitter:data1\" content=\"2 minutes\" \/>\n<script type=\"application\/ld+json\" class=\"yoast-schema-graph\">{\"@context\":\"https:\/\/schema.org\",\"@graph\":[{\"@type\":\"WebPage\",\"@id\":\"https:\/\/www.valandraud.fr\/notre-histoire\/\",\"url\":\"https:\/\/www.valandraud.fr\/notre-histoire\/\",\"name\":\"Histoire du Ch\u00e2teau Valandraud\",\"isPartOf\":{\"@id\":\"https:\/\/www.valandraud.fr\/#website\"},\"primaryImageOfPage\":{\"@id\":\"https:\/\/www.valandraud.fr\/notre-histoire\/#primaryimage\"},\"image\":{\"@id\":\"https:\/\/www.valandraud.fr\/notre-histoire\/#primaryimage\"},\"thumbnailUrl\":\"https:\/\/www.valandraud.fr\/wp-content\/uploads\/2022\/05\/feuille-vigne-8.png\",\"datePublished\":\"2022-05-19T15:04:30+00:00\",\"dateModified\":\"2023-08-30T13:47:46+00:00\",\"description\":\"D\u00e9couvrez l'histoire du Ch\u00e2teau Valandraud, de ses d\u00e9buts \u00e0 son d\u00e9veloppement sur la commune de Saint-Etienne de Lisse.\",\"breadcrumb\":{\"@id\":\"https:\/\/www.valandraud.fr\/notre-histoire\/#breadcrumb\"},\"inLanguage\":\"en-GB\",\"potentialAction\":[{\"@type\":\"ReadAction\",\"target\":[\"https:\/\/www.valandraud.fr\/notre-histoire\/\"]}]},{\"@type\":\"ImageObject\",\"inLanguage\":\"en-GB\",\"@id\":\"https:\/\/www.valandraud.fr\/notre-histoire\/#primaryimage\",\"url\":\"https:\/\/www.valandraud.fr\/wp-content\/uploads\/2022\/05\/feuille-vigne-8.png\",\"contentUrl\":\"https:\/\/www.valandraud.fr\/wp-content\/uploads\/2022\/05\/feuille-vigne-8.png\"},{\"@type\":\"BreadcrumbList\",\"@id\":\"https:\/\/www.valandraud.fr\/notre-histoire\/#breadcrumb\",\"itemListElement\":[{\"@type\":\"ListItem\",\"position\":1,\"name\":\"Home\",\"item\":\"https:\/\/www.valandraud.fr\/\"},{\"@type\":\"ListItem\",\"position\":2,\"name\":\"Notre histoire\"}]},{\"@type\":\"WebSite\",\"@id\":\"https:\/\/www.valandraud.fr\/#website\",\"url\":\"https:\/\/www.valandraud.fr\/\",\"name\":\"Ch\u00e2teau Valandraud\",\"description\":\"\",\"potentialAction\":[{\"@type\":\"SearchAction\",\"target\":{\"@type\":\"EntryPoint\",\"urlTemplate\":\"https:\/\/www.valandraud.fr\/?s={search_term_string}\"},\"query-input\":{\"@type\":\"PropertyValueSpecification\",\"valueRequired\":true,\"valueName\":\"search_term_string\"}}],\"inLanguage\":\"en-GB\"}]}<\/script>\n<!-- \/ Yoast SEO plugin. -->","yoast_head_json":{"title":"Histoire du Ch\u00e2teau Valandraud","description":"D\u00e9couvrez l'histoire du Ch\u00e2teau Valandraud, de ses d\u00e9buts \u00e0 son d\u00e9veloppement sur la commune de Saint-Etienne de Lisse.","robots":{"index":"index","follow":"follow","max-snippet":"max-snippet:-1","max-image-preview":"max-image-preview:large","max-video-preview":"max-video-preview:-1"},"canonical":"https:\/\/www.valandraud.fr\/en\/notre-histoire\/","og_locale":"en_GB","og_type":"article","og_title":"Histoire du Ch\u00e2teau Valandraud","og_description":"D\u00e9couvrez l'histoire du Ch\u00e2teau Valandraud, de ses d\u00e9buts \u00e0 son d\u00e9veloppement sur la commune de Saint-Etienne de Lisse.","og_url":"https:\/\/www.valandraud.fr\/en\/notre-histoire\/","og_site_name":"Ch\u00e2teau Valandraud","article_modified_time":"2023-08-30T13:47:46+00:00","og_image":[{"url":"https:\/\/www.valandraud.fr\/wp-content\/uploads\/2022\/05\/feuille-vigne-8.png","type":"","width":"","height":""}],"twitter_card":"summary_large_image","twitter_misc":{"Estimated reading time":"2 minutes"},"schema":{"@context":"https:\/\/schema.org","@graph":[{"@type":"WebPage","@id":"https:\/\/www.valandraud.fr\/notre-histoire\/","url":"https:\/\/www.valandraud.fr\/notre-histoire\/","name":"Histoire du Ch\u00e2teau Valandraud","isPartOf":{"@id":"https:\/\/www.valandraud.fr\/#website"},"primaryImageOfPage":{"@id":"https:\/\/www.valandraud.fr\/notre-histoire\/#primaryimage"},"image":{"@id":"https:\/\/www.valandraud.fr\/notre-histoire\/#primaryimage"},"thumbnailUrl":"https:\/\/www.valandraud.fr\/wp-content\/uploads\/2022\/05\/feuille-vigne-8.png","datePublished":"2022-05-19T15:04:30+00:00","dateModified":"2023-08-30T13:47:46+00:00","description":"D\u00e9couvrez l'histoire du Ch\u00e2teau Valandraud, de ses d\u00e9buts \u00e0 son d\u00e9veloppement sur la commune de Saint-Etienne de Lisse.","breadcrumb":{"@id":"https:\/\/www.valandraud.fr\/notre-histoire\/#breadcrumb"},"inLanguage":"en-GB","potentialAction":[{"@type":"ReadAction","target":["https:\/\/www.valandraud.fr\/notre-histoire\/"]}]},{"@type":"ImageObject","inLanguage":"en-GB","@id":"https:\/\/www.valandraud.fr\/notre-histoire\/#primaryimage","url":"https:\/\/www.valandraud.fr\/wp-content\/uploads\/2022\/05\/feuille-vigne-8.png","contentUrl":"https:\/\/www.valandraud.fr\/wp-content\/uploads\/2022\/05\/feuille-vigne-8.png"},{"@type":"BreadcrumbList","@id":"https:\/\/www.valandraud.fr\/notre-histoire\/#breadcrumb","itemListElement":[{"@type":"ListItem","position":1,"name":"Home","item":"https:\/\/www.valandraud.fr\/"},{"@type":"ListItem","position":2,"name":"Notre histoire"}]},{"@type":"WebSite","@id":"https:\/\/www.valandraud.fr\/#website","url":"https:\/\/www.valandraud.fr\/","name":"Ch\u00e2teau Valandraud","description":"","potentialAction":[{"@type":"SearchAction","target":{"@type":"EntryPoint","urlTemplate":"https:\/\/www.valandraud.fr\/?s={search_term_string}"},"query-input":{"@type":"PropertyValueSpecification","valueRequired":true,"valueName":"search_term_string"}}],"inLanguage":"en-GB"}]}},"_links":{"self":[{"href":"https:\/\/www.valandraud.fr\/en\/wp-json\/wp\/v2\/pages\/29","targetHints":{"allow":["GET"]}}],"collection":[{"href":"https:\/\/www.valandraud.fr\/en\/wp-json\/wp\/v2\/pages"}],"about":[{"href":"https:\/\/www.valandraud.fr\/en\/wp-json\/wp\/v2\/types\/page"}],"author":[{"embeddable":true,"href":"https:\/\/www.valandraud.fr\/en\/wp-json\/wp\/v2\/users\/1"}],"replies":[{"embeddable":true,"href":"https:\/\/www.valandraud.fr\/en\/wp-json\/wp\/v2\/comments?post=29"}],"version-history":[{"count":50,"href":"https:\/\/www.valandraud.fr\/en\/wp-json\/wp\/v2\/pages\/29\/revisions"}],"predecessor-version":[{"id":815,"href":"https:\/\/www.valandraud.fr\/en\/wp-json\/wp\/v2\/pages\/29\/revisions\/815"}],"wp:attachment":[{"href":"https:\/\/www.valandraud.fr\/en\/wp-json\/wp\/v2\/media?parent=29"}],"curies":[{"name":"wp","href":"https:\/\/api.w.org\/{rel}","templated":true}]}}